{"id":9848,"date":"2022-02-12T00:51:16","date_gmt":"2022-02-11T22:51:16","guid":{"rendered":"https:\/\/www.slide2open.net\/?page_id=9848"},"modified":"2023-01-20T16:43:22","modified_gmt":"2023-01-20T14:43:22","slug":"christos-matsikoudis","status":"publish","type":"page","link":"https:\/\/www.slide2open.net\/en\/shippingfinance2022\/speakers\/christos-matsikoudis\/","title":{"rendered":"Christos Matsikoudis"},"content":{"rendered":"<p>Christos Matsikoudis is the Area Sales Manager EastMed at W\u00e4rtsil\u00e4 Voyage Solutions.<\/p>\n<p>W\u00e4rtsil\u00e4 Voyage leverages the latest digital technologies in order to support Smart Marine Ecosystem, a vision which entails the trendy topics of decarbonization, optimization and digitization.<br \/>\nChristos joined the shipping industry 10 years ago working at weather companies.<\/p>\n<p>Prior to shipping he worked at technology firms supporting various industries such as retail, wholesale, pharmaceuticals, logistics, etc.<\/p>\n<p>He holds Mechanical Engineering Diploma from National Technical University of Athens and MBA from the Athens University of Economics and Business.<br \/>\nHe is married and father of two.<\/p>","protected":false},"excerpt":{"rendered":"<p>Christos Matsikoudis is the Area Sales Manager EastMed at W\u00e4rtsil\u00e4 Voyage Solutions. W\u00e4rtsil\u00e4 Voyage leverages the latest digital technologies in order to support Smart Marine Ecosystem, a vision which entails the trendy topics of decarbonization, optimization and digitization. Christos joined the shipping industry 10 years ago working at weather companies. Prior to shipping he worked [&hellip;]<\/p>\n","protected":false},"author":1123,"featured_media":9850,"parent":9137,"menu_order":146,"comment_status":"closed","ping_status":"closed","template":"","meta":{"_acf_changed":false,"footnotes":""},"class_list":["post-9848","page","type-page","status-publish","has-post-thumbnail","hentry"],"acf":[],"aioseo_notices":[],"_links":{"self":[{"href":"https:\/\/www.slide2open.net\/en\/wp-json\/wp\/v2\/pages\/9848","targetHints":{"allow":["GET"]}}],"collection":[{"href":"https:\/\/www.slide2open.net\/en\/wp-json\/wp\/v2\/pages"}],"about":[{"href":"https:\/\/www.slide2open.net\/en\/wp-json\/wp\/v2\/types\/page"}],"author":[{"embeddable":true,"href":"https:\/\/www.slide2open.net\/en\/wp-json\/wp\/v2\/users\/1123"}],"replies":[{"embeddable":true,"href":"https:\/\/www.slide2open.net\/en\/wp-json\/wp\/v2\/comments?post=9848"}],"version-history":[{"count":2,"href":"https:\/\/www.slide2open.net\/en\/wp-json\/wp\/v2\/pages\/9848\/revisions"}],"predecessor-version":[{"id":9851,"href":"https:\/\/www.slide2open.net\/en\/wp-json\/wp\/v2\/pages\/9848\/revisions\/9851"}],"up":[{"embeddable":true,"href":"https:\/\/www.slide2open.net\/en\/wp-json\/wp\/v2\/pages\/9137"}],"wp:featuredmedia":[{"embeddable":true,"href":"https:\/\/www.slide2open.net\/en\/wp-json\/wp\/v2\/media\/9850"}],"wp:attachment":[{"href":"https:\/\/www.slide2open.net\/en\/wp-json\/wp\/v2\/media?parent=9848"}],"curies":[{"name":"wp","href":"https:\/\/api.w.org\/{rel}","templated":true}]}}